{"id":829,"date":"2024-11-15T09:50:07","date_gmt":"2024-11-15T14:50:07","guid":{"rendered":"https:\/\/lab1.net3e.com\/1cuscowanderer\/?page_id=829"},"modified":"2025-03-12T13:13:44","modified_gmt":"2025-03-12T18:13:44","slug":"conocenos","status":"publish","type":"page","link":"https:\/\/new.max8p.com\/manchegoconsulting\/conocenos\/","title":{"rendered":"Sobre nosotros"},"content":{"rendered":"\n<div class=\"wp-block-cover alignfull\"><span aria-hidden=\"true\" class=\"wp-block-cover__background has-custom-color-1-background-color has-background-dim-60 has-background-dim\"><\/span><img loading=\"lazy\" decoding=\"async\" width=\"2560\" height=\"1707\" class=\"wp-block-cover__image-background wp-image-1698\" alt=\"\" src=\"https:\/\/lab1.net3e.com\/1yatta\/wp-content\/uploads\/2025\/03\/89fb17_25929940e708443ab1aff44a820bed26mv2_d_5184_3456_s_4_2-scaled.jpg\" data-object-fit=\"cover\" srcset=\"https:\/\/new.max8p.com\/manchegoconsulting\/wp-content\/uploads\/2025\/03\/89fb17_25929940e708443ab1aff44a820bed26mv2_d_5184_3456_s_4_2-scaled.jpg 2560w, https:\/\/new.max8p.com\/manchegoconsulting\/wp-content\/uploads\/2025\/03\/89fb17_25929940e708443ab1aff44a820bed26mv2_d_5184_3456_s_4_2-300x200.jpg 300w, https:\/\/new.max8p.com\/manchegoconsulting\/wp-content\/uploads\/2025\/03\/89fb17_25929940e708443ab1aff44a820bed26mv2_d_5184_3456_s_4_2-1024x683.jpg 1024w, https:\/\/new.max8p.com\/manchegoconsulting\/wp-content\/uploads\/2025\/03\/89fb17_25929940e708443ab1aff44a820bed26mv2_d_5184_3456_s_4_2-768x512.jpg 768w, https:\/\/new.max8p.com\/manchegoconsulting\/wp-content\/uploads\/2025\/03\/89fb17_25929940e708443ab1aff44a820bed26mv2_d_5184_3456_s_4_2-1536x1024.jpg 1536w, https:\/\/new.max8p.com\/manchegoconsulting\/wp-content\/uploads\/2025\/03\/89fb17_25929940e708443ab1aff44a820bed26mv2_d_5184_3456_s_4_2-2048x1365.jpg 2048w, https:\/\/new.max8p.com\/manchegoconsulting\/wp-content\/uploads\/2025\/03\/89fb17_25929940e708443ab1aff44a820bed26mv2_d_5184_3456_s_4_2-600x400.jpg 600w\" sizes=\"auto, (max-width: 2560px) 100vw, 2560px\" \/><div class=\"wp-block-cover__inner-container is-layout-flow wp-block-cover-is-layout-flow\">\n<div class=\"wp-block-group alignfull has-global-padding is-layout-constrained wp-container-core-group-is-layout-3244b824 wp-block-group-is-layout-constrained\" style=\"margin-top:0;margin-bottom:0;padding-top:25px;padding-right:var(--wp--preset--spacing--40);padding-bottom:25px;padding-left:var(--wp--preset--spacing--40)\">\n<div class=\"wp-block-media-text alignwide is-stacked-on-mobile is-vertically-aligned-center\" style=\"margin-top:0;margin-bottom:0;padding-right:var(--wp--preset--spacing--30);padding-left:var(--wp--preset--spacing--30);grid-template-columns:48% auto\"><figure class=\"wp-block-media-text__media\"><img loading=\"lazy\" decoding=\"async\" width=\"820\" height=\"560\" src=\"https:\/\/lab1.net3e.com\/1yatta\/wp-content\/uploads\/2025\/03\/YATTA-COLORES-3.png\" alt=\"\" class=\"wp-image-1699 size-full\" srcset=\"https:\/\/new.max8p.com\/manchegoconsulting\/wp-content\/uploads\/2025\/03\/YATTA-COLORES-3.png 820w, https:\/\/new.max8p.com\/manchegoconsulting\/wp-content\/uploads\/2025\/03\/YATTA-COLORES-3-300x205.png 300w, https:\/\/new.max8p.com\/manchegoconsulting\/wp-content\/uploads\/2025\/03\/YATTA-COLORES-3-768x524.png 768w, https:\/\/new.max8p.com\/manchegoconsulting\/wp-content\/uploads\/2025\/03\/YATTA-COLORES-3-600x410.png 600w\" sizes=\"auto, (max-width: 820px) 100vw, 820px\" \/><\/figure><div class=\"wp-block-media-text__content\">\n<h1 class=\"wp-block-heading has-text-color has-link-color has-system-sans-serif-font-family wp-elements-2eda3b74b44280e529a1f3e5f5cdac5f\" style=\"color:#649602;margin-top:0;margin-bottom:0;padding-top:0;padding-right:0;padding-bottom:0;padding-left:0;font-size:clamp(31.609px, 1.976rem + ((1vw - 3.2px) * 3.587), 56px);font-style:normal;font-weight:600\">Con\u00f3cenos<\/h1>\n\n\n\n<p style=\"padding-top:0;padding-right:0;padding-bottom:0;padding-left:0;font-size:clamp(14px, 0.875rem + ((1vw - 3.2px) * 0.441), 17px);\">Yatta! nace con el prop\u00f3sito de ofrecerte el matcha m\u00e1s puro, directamente desde Jap\u00f3n. Nos enorgullece compartir nuestra pasi\u00f3n por este superalimento milenario y queremos que, a trav\u00e9s de nuestros productos, te sientas parte de una comunidad que celebra la calma, la energ\u00eda y el equilibrio.<\/p>\n\n\n\n<p style=\"padding-top:0;padding-right:0;padding-bottom:0;padding-left:0;font-size:clamp(14px, 0.875rem + ((1vw - 3.2px) * 0.441), 17px);\">Cada uno de nuestros productos ha sido cuidadosamente seleccionado para brindarte lo mejor, sin comprometer la calidad ni la autenticidad. Y nuestros accesorios, seleccionados con especial atenci\u00f3n, est\u00e1n dise\u00f1ados para hacer de tu ritual de matcha una experiencia \u00fanica y placentera.<\/p>\n<\/div><\/div>\n<\/div>\n<\/div><\/div>\n\n\n\n<div style=\"height:18px\" aria-hidden=\"true\" class=\"wp-block-spacer\"><\/div>\n\n\n\n<div class=\"wp-block-group alignfull has-global-padding is-layout-constrained wp-container-core-group-is-layout-cd33c898 wp-block-group-is-layout-constrained\" style=\"padding-top:0;padding-right:var(--wp--preset--spacing--60);padding-bottom:0;padding-left:var(--wp--preset--spacing--60)\">\n<div class=\"wp-block-columns alignwide is-layout-flex wp-container-core-columns-is-layout-d0bbbce0 wp-block-columns-is-layout-flex\">\n<div class=\"wp-block-column has-system-sans-serif-font-family is-layout-flow wp-block-column-is-layout-flow\" style=\"flex-basis:50%\">\n<h1 class=\"wp-block-heading has-accent-color has-text-color has-link-color has-system-sans-serif-font-family wp-elements-4df9412b950940c5753d97f80c2e6f30\" style=\"font-size:clamp(21.536px, 1.346rem + ((1vw - 3.2px) * 1.98), 35px);font-style:normal;font-weight:600\">Misi\u00f3n<\/h1>\n\n\n\n<p style=\"font-size:clamp(14px, 0.875rem + ((1vw - 3.2px) * 0.441), 17px);\">En Yatta!, nuestra misi\u00f3n es ofrecer el mejor matcha japon\u00e9s, de calidad superior, para que nuestros clientes disfruten de una experiencia \u00fanica de sabor y bienestar. Nos comprometemos a proporcionar productos aut\u00e9nticos, saludables y accesibles, acompa\u00f1ados de un dise\u00f1o moderno que resalta lo mejor de la cultura japonesa. Adem\u00e1s, buscamos crear una comunidad donde todos puedan compartir su pasi\u00f3n por el matcha y el bienestar.<\/p>\n<\/div>\n\n\n\n<div class=\"wp-block-column is-layout-flow wp-block-column-is-layout-flow\">\n<h1 class=\"wp-block-heading has-accent-color has-text-color has-link-color has-system-sans-serif-font-family wp-elements-bff4302abefb56e010ab623a66e65c76\" style=\"font-size:clamp(21.536px, 1.346rem + ((1vw - 3.2px) * 1.98), 35px);font-style:normal;font-weight:600\">Visi\u00f3n<\/h1>\n\n\n\n<p style=\"font-size:clamp(14px, 0.875rem + ((1vw - 3.2px) * 0.441), 17px);\">Ser la marca l\u00edder en el mercado peruano de matcha, conocida por su calidad, innovaci\u00f3n y por promover h\u00e1bitos saludables. Queremos expandir nuestra presencia a nivel internacional, llevando el verdadero matcha japon\u00e9s a todas partes del mundo y convirti\u00e9ndonos en un referente para los amantes del bienestar, mientras seguimos construyendo una comunidad s\u00f3lida y vibrante.<\/p>\n<\/div>\n<\/div>\n\n\n\n<div style=\"height:18px\" aria-hidden=\"true\" class=\"wp-block-spacer\"><\/div>\n<\/div>\n\n\n\n<h2 class=\"wp-block-heading alignfull has-text-align-center is-style-default has-base-2-color has-accent-background-color has-text-color has-background has-link-color has-system-sans-serif-font-family wp-elements-4166ca650d7f3547bd1c32dbf1f6f3df\" style=\"margin-top:0;margin-bottom:0;padding-top:var(--wp--preset--spacing--30);padding-bottom:var(--wp--preset--spacing--30);font-style:normal;font-weight:600\">Lo m\u00e1s vendido<\/h2>\n\n\n\n<div style=\"height:19px\" aria-hidden=\"true\" class=\"wp-block-spacer\"><\/div>\n\n\n\n<div class=\"wp-block-group alignfull is-layout-flow wp-container-core-group-is-layout-e5b694d4 wp-block-group-is-layout-flow\" style=\"margin-top:var(--wp--preset--spacing--10);margin-bottom:var(--wp--preset--spacing--10);padding-right:var(--wp--preset--spacing--50);padding-left:var(--wp--preset--spacing--50)\">\n<div class=\"wp-block-woocommerce-product-collection alignwide\">\n\n\n<h3 style=\"font-size:13px;font-style:normal;font-weight:600; padding-right:0;padding-left:0;margin-bottom:0.75rem;margin-top:0;\" class=\"has-text-align-center wp-block-post-title has-system-sans-serif-font-family\"><a href=\"https:\/\/new.max8p.com\/manchegoconsulting\/conocenos\/\" target=\"_self\" >Sobre nosotros<\/a><\/h3>\n\n\n\n\n<\/div>\n<\/div>\n\n\n\n<p class=\"has-text-align-center has-base-color has-text-color has-link-color has-system-sans-serif-font-family wp-elements-ffe2f4b60b8ebd9e6e58265396282f1d\" style=\"font-size:10px\"><a href=\"https:\/\/lab1.net3e.com\/1yatta\/shop\/\" data-type=\"page\" data-id=\"61\">Shop<\/a><button style=\"\n    background-color: #E63C00; \n    color: white; \n    padding: 10px 20px; \n    border: none; \n    border-radius: 5px; \n    font-size: 18px; \n    cursor: pointer; \n    transition: background-color 0.3s ease;\" onmouseover=\"this.style.backgroundColor='#0056b3';\" onmouseout=\"this.style.backgroundColor='#007bff';\"><a href=\"https:\/\/lab1.net3e.com\/1yatta\/product-category\/accesorios-para-matcha\/\" data-type=\"page\" data-id=\"61\">Ver todos<\/a><\/button><\/p>\n\n\n\n<div style=\"height:33px\" aria-hidden=\"true\" class=\"wp-block-spacer\"><\/div>\n\n\n\n<div class=\"wp-block-group alignfull has-global-padding is-layout-constrained wp-container-core-group-is-layout-12243e0f wp-block-group-is-layout-constrained\">\n<div class=\"wp-block-cover alignwide wp-duotone-unset-1\" style=\"margin-top:0;margin-bottom:0;min-height:333px;aspect-ratio:unset;\"><span aria-hidden=\"true\" class=\"wp-block-cover__background has-contrast-background-color has-background-dim\"><\/span><img loading=\"lazy\" decoding=\"async\" width=\"2560\" height=\"1707\" class=\"wp-block-cover__image-background wp-image-1373\" alt=\"\" src=\"https:\/\/lab1.net3e.com\/1yatta\/wp-content\/uploads\/2024\/10\/bigstock-organic-green-matcha-tea-80184341-scaled.jpg\" data-object-fit=\"cover\" srcset=\"https:\/\/new.max8p.com\/manchegoconsulting\/wp-content\/uploads\/2024\/10\/bigstock-organic-green-matcha-tea-80184341-scaled.jpg 2560w, https:\/\/new.max8p.com\/manchegoconsulting\/wp-content\/uploads\/2024\/10\/bigstock-organic-green-matcha-tea-80184341-300x200.jpg 300w, https:\/\/new.max8p.com\/manchegoconsulting\/wp-content\/uploads\/2024\/10\/bigstock-organic-green-matcha-tea-80184341-1024x683.jpg 1024w, https:\/\/new.max8p.com\/manchegoconsulting\/wp-content\/uploads\/2024\/10\/bigstock-organic-green-matcha-tea-80184341-768x512.jpg 768w, https:\/\/new.max8p.com\/manchegoconsulting\/wp-content\/uploads\/2024\/10\/bigstock-organic-green-matcha-tea-80184341-1536x1024.jpg 1536w, https:\/\/new.max8p.com\/manchegoconsulting\/wp-content\/uploads\/2024\/10\/bigstock-organic-green-matcha-tea-80184341-2048x1366.jpg 2048w, https:\/\/new.max8p.com\/manchegoconsulting\/wp-content\/uploads\/2024\/10\/bigstock-organic-green-matcha-tea-80184341-600x400.jpg 600w\" sizes=\"auto, (max-width: 2560px) 100vw, 2560px\" \/><div class=\"wp-block-cover__inner-container has-global-padding is-layout-constrained wp-container-core-cover-is-layout-b1dfa64f wp-block-cover-is-layout-constrained\">\n<p class=\"has-text-align-center has-base-color has-text-color has-link-color has-system-sans-serif-font-family wp-elements-6f562d2abbb348dec3f2059ace9bb104\" style=\"font-size:clamp(18.959px, 1.185rem + ((1vw - 3.2px) * 1.624), 30px);font-style:normal;font-weight:600\">Matcha Japon\u00e9s Premium<\/p>\n\n\n\n<p class=\"has-text-align-center has-system-sans-serif-font-family\" style=\"padding-right:var(--wp--preset--spacing--60);padding-left:var(--wp--preset--spacing--60);font-size:clamp(14px, 0.875rem + ((1vw - 3.2px) * 0.882), 20px);font-style:normal;font-weight:400\">Nuestro matcha es cuidadosamente cultivado en Jap\u00f3n, garantizando una calidad superior. Disfruta de una bebida energizante, rica en antioxidantes y con beneficios para tu salud mental y f\u00edsica. <\/p>\n\n\n\n<p class=\"has-text-align-center has-system-sans-serif-font-family\" style=\"padding-right:var(--wp--preset--spacing--60);padding-left:var(--wp--preset--spacing--60);font-size:clamp(14px, 0.875rem + ((1vw - 3.2px) * 0.882), 20px);font-style:normal;font-weight:400\">Disponible en diferentes presentaciones, para que elijas la que m\u00e1s se adapta a ti.<\/p>\n\n\n\n<p class=\"has-text-align-center has-base-color has-text-color has-link-color has-system-sans-serif-font-family wp-elements-a06918250859cc028bbbb0907a822c50\" style=\"font-size:10px\"><button style=\"\n    background-color: #E63C00; \n    color: white; \n    padding: 10px 20px; \n    border: none; \n    border-radius: 5px; \n    font-size: 18px; \n    cursor: pointer; \n    transition: background-color 0.3s ease;\" onmouseover=\"this.style.backgroundColor='#0056b3';\" onmouseout=\"this.style.backgroundColor='#007bff';\"><a href=\"https:\/\/lab1.net3e.com\/1yatta\/\" data-type=\"product_cat\" data-id=\"17\">Ver m\u00e1s<\/a><\/button><\/p>\n<\/div><\/div>\n<\/div>\n","protected":false},"excerpt":{"rendered":"<p>Misi\u00f3n En Yatta!, nuestra misi\u00f3n es ofrecer el mejor matcha japon\u00e9s, de calidad superior, para que nuestros clientes disfruten de una experiencia \u00fanica de sabor y bienestar. Nos comprometemos a proporcionar productos aut\u00e9nticos, saludables y accesibles, acompa\u00f1ados de un dise\u00f1o moderno que resalta lo mejor de la cultura japonesa. Adem\u00e1s, buscamos crear una comunidad donde [&hellip;]<\/p>\n","protected":false},"author":1,"featured_media":0,"parent":0,"menu_order":0,"comment_status":"closed","ping_status":"closed","template":"page-no-title","meta":{"footnotes":""},"class_list":["post-829","page","type-page","status-publish","hentry"],"_links":{"self":[{"href":"https:\/\/new.max8p.com\/manchegoconsulting\/wp-json\/wp\/v2\/pages\/829","targetHints":{"allow":["GET"]}}],"collection":[{"href":"https:\/\/new.max8p.com\/manchegoconsulting\/wp-json\/wp\/v2\/pages"}],"about":[{"href":"https:\/\/new.max8p.com\/manchegoconsulting\/wp-json\/wp\/v2\/types\/page"}],"author":[{"embeddable":true,"href":"https:\/\/new.max8p.com\/manchegoconsulting\/wp-json\/wp\/v2\/users\/1"}],"replies":[{"embeddable":true,"href":"https:\/\/new.max8p.com\/manchegoconsulting\/wp-json\/wp\/v2\/comments?post=829"}],"version-history":[{"count":58,"href":"https:\/\/new.max8p.com\/manchegoconsulting\/wp-json\/wp\/v2\/pages\/829\/revisions"}],"predecessor-version":[{"id":1717,"href":"https:\/\/new.max8p.com\/manchegoconsulting\/wp-json\/wp\/v2\/pages\/829\/revisions\/1717"}],"wp:attachment":[{"href":"https:\/\/new.max8p.com\/manchegoconsulting\/wp-json\/wp\/v2\/media?parent=829"}],"curies":[{"name":"wp","href":"https:\/\/api.w.org\/{rel}","templated":true}]}}